{"id":11,"date":"2022-09-10T16:29:14","date_gmt":"2022-09-10T19:29:14","guid":{"rendered":"https:\/\/bcs.net.br\/saodomingos\/?page_id=11"},"modified":"2022-09-28T14:27:05","modified_gmt":"2022-09-28T17:27:05","slug":"empresa","status":"publish","type":"page","link":"https:\/\/www.saodomingossaude.com.br\/site\/quem-somos\/empresa\/","title":{"rendered":"Empresa"},"content":{"rendered":"\n<p>A operadora S\u00e3o Domingos Sa\u00fade foi fundada em 05 de Maio de 1995 e suas atividades foram iniciadas em 1\u00ba de Junho de 1995 com o objetivo social de prestar servi\u00e7os de assist\u00eancia m\u00e9dica. Sua primeira Sede Administrativa, juntamente com o Centro M\u00e9dico, ficava na rua Manaus, 525, centro de Catanduva, com toda a infraestrutura necess\u00e1ria ao atendimento de seus benefici\u00e1rios, tais como: atendimento de consultas com hora marcada , ambulat\u00f3rio de pequenas suturas e pequenos procedimentos, realiza\u00e7\u00e3o de eletrocardiogramas, com uma equipe de m\u00e9dicos em diversas especialidades.<\/p>\n\n\n\n<p>No dia 1\u00ba de junho de 1996, foi inaugurada a sede administrativa, na rua Bel\u00e9m, 437, com v\u00e1rios departamentos, tais como: Comercial, com plant\u00f5es o dia todo; Contas M\u00e9dicas; Contabilidade; Financeiro e demais setores administrativos.<\/p>\n\n\n\n<p>Em 1997 formou-se uma nova sociedade, com mais 44 s\u00f3cios cotistas, totalizando 59 s\u00f3cios. Posteriormente, sofreu v\u00e1rias altera\u00e7\u00f5es com a retirada e o ingresso de alguns m\u00e9dicos.<\/p>\n\n\n\n<p>Sempre atento \u00e0s necessidades de seus clientes, o S\u00e3o Domingos Sa\u00fade busca constantemente a inova\u00e7\u00e3o em todos os seus aspectos. Com 40 m\u00e9dicos \u2013 de 14 especialidades, o S\u00e3o Domingos Sa\u00fade oferece atendimento de qualidade aos seus clientes, de forma r\u00e1pida e segura. Com o objetivo de oferecer maior comodidade e modernidade, desde outubro de 2016, a sede administrativa est\u00e1 localizada na rua 13 de maio, 1437.<\/p>\n\n\n\n<p>Enfim, o S\u00e3o Domingos Sa\u00fade, sempre cumpriu o papel de prestador de servi\u00e7o compromissado com o \u00eaxito e com a qualidade. Por tudo isso, podemos afirmar que o S\u00e3o Domingos Sa\u00fade, junto com o Unimed Hospital S\u00e3o Domingos, a equipe m\u00e9dica credenciada e seus usu\u00e1rios formam a parceria ideal, uma parceria forte que vem crescendo em bases s\u00f3lidas.<\/p>\n\n\n\n<figure class=\"wp-block-image size-full\"><img loading=\"lazy\" decoding=\"async\" width=\"700\" height=\"467\" src=\"https:\/\/bcs.net.br\/saodomingos\/wp-content\/uploads\/2022\/09\/fachada_sao_domingos.jpg\" alt=\"\" class=\"wp-image-32\" srcset=\"https:\/\/www.saodomingossaude.com.br\/site\/wp-content\/uploads\/2022\/09\/fachada_sao_domingos.jpg 700w, https:\/\/www.saodomingossaude.com.br\/site\/wp-content\/uploads\/2022\/09\/fachada_sao_domingos-300x200.jpg 300w\" sizes=\"auto, (max-width: 700px) 100vw, 700px\" \/><\/figure>\n","protected":false},"excerpt":{"rendered":"<p>A operadora S\u00e3o Domingos Sa\u00fade foi fundada em 05 de Maio de 1995 e suas atividades foram iniciadas em 1\u00ba de Junho de 1995 com [&hellip;]<\/p>\n","protected":false},"author":1,"featured_media":0,"parent":47,"menu_order":0,"comment_status":"closed","ping_status":"closed","template":"","meta":{"footnotes":""},"class_list":["post-11","page","type-page","status-publish","hentry"],"yoast_head":"<!-- This site is optimized with the Yoast SEO plugin v27.1.1 - https:\/\/yoast.com\/product\/yoast-seo-wordpress\/ -->\n<title>Empresa - S\u00e3o Domingos Sa\u00fade<\/title>\n<meta name=\"robots\" content=\"index, follow, max-snippet:-1, max-image-preview:large, max-video-preview:-1\" \/>\n<link rel=\"canonical\" href=\"https:\/\/www.saodomingossaude.com.br\/site\/quem-somos\/empresa\/\" \/>\n<meta property=\"og:locale\" content=\"pt_BR\" \/>\n<meta property=\"og:type\" content=\"article\" \/>\n<meta property=\"og:title\" content=\"Empresa - S\u00e3o Domingos Sa\u00fade\" \/>\n<meta property=\"og:description\" content=\"A operadora S\u00e3o Domingos Sa\u00fade foi fundada em 05 de Maio de 1995 e suas atividades foram iniciadas em 1\u00ba de Junho de 1995 com [&hellip;]\" \/>\n<meta property=\"og:url\" content=\"https:\/\/www.saodomingossaude.com.br\/site\/quem-somos\/empresa\/\" \/>\n<meta property=\"og:site_name\" content=\"S\u00e3o Domingos Sa\u00fade\" \/>\n<meta property=\"article:modified_time\" content=\"2022-09-28T17:27:05+00:00\" \/>\n<meta property=\"og:image\" content=\"https:\/\/bcs.net.br\/saodomingos\/wp-content\/uploads\/2022\/09\/fachada_sao_domingos.jpg\" \/>\n<meta name=\"twitter:card\" content=\"summary_large_image\" \/>\n<meta name=\"twitter:label1\" content=\"Est. tempo de leitura\" \/>\n\t<meta name=\"twitter:data1\" content=\"1 minuto\" \/>\n<script type=\"application\/ld+json\" class=\"yoast-schema-graph\">{\"@context\":\"https:\/\/schema.org\",\"@graph\":[{\"@type\":\"WebPage\",\"@id\":\"https:\/\/www.saodomingossaude.com.br\/site\/quem-somos\/empresa\/\",\"url\":\"https:\/\/www.saodomingossaude.com.br\/site\/quem-somos\/empresa\/\",\"name\":\"Empresa - S\u00e3o Domingos Sa\u00fade\",\"isPartOf\":{\"@id\":\"https:\/\/www.saodomingossaude.com.br\/site\/#website\"},\"primaryImageOfPage\":{\"@id\":\"https:\/\/www.saodomingossaude.com.br\/site\/quem-somos\/empresa\/#primaryimage\"},\"image\":{\"@id\":\"https:\/\/www.saodomingossaude.com.br\/site\/quem-somos\/empresa\/#primaryimage\"},\"thumbnailUrl\":\"https:\/\/bcs.net.br\/saodomingos\/wp-content\/uploads\/2022\/09\/fachada_sao_domingos.jpg\",\"datePublished\":\"2022-09-10T19:29:14+00:00\",\"dateModified\":\"2022-09-28T17:27:05+00:00\",\"breadcrumb\":{\"@id\":\"https:\/\/www.saodomingossaude.com.br\/site\/quem-somos\/empresa\/#breadcrumb\"},\"inLanguage\":\"pt-BR\",\"potentialAction\":[{\"@type\":\"ReadAction\",\"target\":[\"https:\/\/www.saodomingossaude.com.br\/site\/quem-somos\/empresa\/\"]}]},{\"@type\":\"ImageObject\",\"inLanguage\":\"pt-BR\",\"@id\":\"https:\/\/www.saodomingossaude.com.br\/site\/quem-somos\/empresa\/#primaryimage\",\"url\":\"https:\/\/bcs.net.br\/saodomingos\/wp-content\/uploads\/2022\/09\/fachada_sao_domingos.jpg\",\"contentUrl\":\"https:\/\/bcs.net.br\/saodomingos\/wp-content\/uploads\/2022\/09\/fachada_sao_domingos.jpg\"},{\"@type\":\"BreadcrumbList\",\"@id\":\"https:\/\/www.saodomingossaude.com.br\/site\/quem-somos\/empresa\/#breadcrumb\",\"itemListElement\":[{\"@type\":\"ListItem\",\"position\":1,\"name\":\"In\u00edcio\",\"item\":\"https:\/\/www.saodomingossaude.com.br\/site\/\"},{\"@type\":\"ListItem\",\"position\":2,\"name\":\"Quem Somos\",\"item\":\"https:\/\/www.saodomingossaude.com.br\/site\/quem-somos\/\"},{\"@type\":\"ListItem\",\"position\":3,\"name\":\"Empresa\"}]},{\"@type\":\"WebSite\",\"@id\":\"https:\/\/www.saodomingossaude.com.br\/site\/#website\",\"url\":\"https:\/\/www.saodomingossaude.com.br\/site\/\",\"name\":\"S\u00e3o Domingos Sa\u00fade\",\"description\":\"S\u00e3o Domingos Sa\u00fade - Catanduva\/SP\",\"potentialAction\":[{\"@type\":\"SearchAction\",\"target\":{\"@type\":\"EntryPoint\",\"urlTemplate\":\"https:\/\/www.saodomingossaude.com.br\/site\/?s={search_term_string}\"},\"query-input\":{\"@type\":\"PropertyValueSpecification\",\"valueRequired\":true,\"valueName\":\"search_term_string\"}}],\"inLanguage\":\"pt-BR\"}]}<\/script>\n<!-- \/ Yoast SEO plugin. -->","yoast_head_json":{"title":"Empresa - S\u00e3o Domingos Sa\u00fade","robots":{"index":"index","follow":"follow","max-snippet":"max-snippet:-1","max-image-preview":"max-image-preview:large","max-video-preview":"max-video-preview:-1"},"canonical":"https:\/\/www.saodomingossaude.com.br\/site\/quem-somos\/empresa\/","og_locale":"pt_BR","og_type":"article","og_title":"Empresa - S\u00e3o Domingos Sa\u00fade","og_description":"A operadora S\u00e3o Domingos Sa\u00fade foi fundada em 05 de Maio de 1995 e suas atividades foram iniciadas em 1\u00ba de Junho de 1995 com [&hellip;]","og_url":"https:\/\/www.saodomingossaude.com.br\/site\/quem-somos\/empresa\/","og_site_name":"S\u00e3o Domingos Sa\u00fade","article_modified_time":"2022-09-28T17:27:05+00:00","og_image":[{"url":"https:\/\/bcs.net.br\/saodomingos\/wp-content\/uploads\/2022\/09\/fachada_sao_domingos.jpg","type":"","width":"","height":""}],"twitter_card":"summary_large_image","twitter_misc":{"Est. tempo de leitura":"1 minuto"},"schema":{"@context":"https:\/\/schema.org","@graph":[{"@type":"WebPage","@id":"https:\/\/www.saodomingossaude.com.br\/site\/quem-somos\/empresa\/","url":"https:\/\/www.saodomingossaude.com.br\/site\/quem-somos\/empresa\/","name":"Empresa - S\u00e3o Domingos Sa\u00fade","isPartOf":{"@id":"https:\/\/www.saodomingossaude.com.br\/site\/#website"},"primaryImageOfPage":{"@id":"https:\/\/www.saodomingossaude.com.br\/site\/quem-somos\/empresa\/#primaryimage"},"image":{"@id":"https:\/\/www.saodomingossaude.com.br\/site\/quem-somos\/empresa\/#primaryimage"},"thumbnailUrl":"https:\/\/bcs.net.br\/saodomingos\/wp-content\/uploads\/2022\/09\/fachada_sao_domingos.jpg","datePublished":"2022-09-10T19:29:14+00:00","dateModified":"2022-09-28T17:27:05+00:00","breadcrumb":{"@id":"https:\/\/www.saodomingossaude.com.br\/site\/quem-somos\/empresa\/#breadcrumb"},"inLanguage":"pt-BR","potentialAction":[{"@type":"ReadAction","target":["https:\/\/www.saodomingossaude.com.br\/site\/quem-somos\/empresa\/"]}]},{"@type":"ImageObject","inLanguage":"pt-BR","@id":"https:\/\/www.saodomingossaude.com.br\/site\/quem-somos\/empresa\/#primaryimage","url":"https:\/\/bcs.net.br\/saodomingos\/wp-content\/uploads\/2022\/09\/fachada_sao_domingos.jpg","contentUrl":"https:\/\/bcs.net.br\/saodomingos\/wp-content\/uploads\/2022\/09\/fachada_sao_domingos.jpg"},{"@type":"BreadcrumbList","@id":"https:\/\/www.saodomingossaude.com.br\/site\/quem-somos\/empresa\/#breadcrumb","itemListElement":[{"@type":"ListItem","position":1,"name":"In\u00edcio","item":"https:\/\/www.saodomingossaude.com.br\/site\/"},{"@type":"ListItem","position":2,"name":"Quem Somos","item":"https:\/\/www.saodomingossaude.com.br\/site\/quem-somos\/"},{"@type":"ListItem","position":3,"name":"Empresa"}]},{"@type":"WebSite","@id":"https:\/\/www.saodomingossaude.com.br\/site\/#website","url":"https:\/\/www.saodomingossaude.com.br\/site\/","name":"S\u00e3o Domingos Sa\u00fade","description":"S\u00e3o Domingos Sa\u00fade - Catanduva\/SP","potentialAction":[{"@type":"SearchAction","target":{"@type":"EntryPoint","urlTemplate":"https:\/\/www.saodomingossaude.com.br\/site\/?s={search_term_string}"},"query-input":{"@type":"PropertyValueSpecification","valueRequired":true,"valueName":"search_term_string"}}],"inLanguage":"pt-BR"}]}},"_links":{"self":[{"href":"https:\/\/www.saodomingossaude.com.br\/site\/wp-json\/wp\/v2\/pages\/11","targetHints":{"allow":["GET"]}}],"collection":[{"href":"https:\/\/www.saodomingossaude.com.br\/site\/wp-json\/wp\/v2\/pages"}],"about":[{"href":"https:\/\/www.saodomingossaude.com.br\/site\/wp-json\/wp\/v2\/types\/page"}],"author":[{"embeddable":true,"href":"https:\/\/www.saodomingossaude.com.br\/site\/wp-json\/wp\/v2\/users\/1"}],"replies":[{"embeddable":true,"href":"https:\/\/www.saodomingossaude.com.br\/site\/wp-json\/wp\/v2\/comments?post=11"}],"version-history":[{"count":3,"href":"https:\/\/www.saodomingossaude.com.br\/site\/wp-json\/wp\/v2\/pages\/11\/revisions"}],"predecessor-version":[{"id":33,"href":"https:\/\/www.saodomingossaude.com.br\/site\/wp-json\/wp\/v2\/pages\/11\/revisions\/33"}],"up":[{"embeddable":true,"href":"https:\/\/www.saodomingossaude.com.br\/site\/wp-json\/wp\/v2\/pages\/47"}],"wp:attachment":[{"href":"https:\/\/www.saodomingossaude.com.br\/site\/wp-json\/wp\/v2\/media?parent=11"}],"curies":[{"name":"wp","href":"https:\/\/api.w.org\/{rel}","templated":true}]}}