{"id":128,"date":"2022-09-21T17:22:29","date_gmt":"2022-09-21T20:22:29","guid":{"rendered":"https:\/\/bcs.net.br\/saodomingos\/?page_id=128"},"modified":"2022-09-28T16:24:04","modified_gmt":"2022-09-28T19:24:04","slug":"orientacoes-e-boas-praticas-na-utilizacao-do-seu-plano","status":"publish","type":"page","link":"https:\/\/www.saodomingossaude.com.br\/site\/guia-medico\/orientacoes-e-boas-praticas-na-utilizacao-do-seu-plano\/","title":{"rendered":"Orienta\u00e7\u00f5es e boas pr\u00e1ticas na utiliza\u00e7\u00e3o do seu plano"},"content":{"rendered":"\n<p><strong>Consulta M\u00e9dica<\/strong><br>Escolha o m\u00e9dico de sua prefer\u00eancia em seu Guia M\u00e9dico e agende um hor\u00e1rio. Caso n\u00e3o possa comparecer na consulta, desmarque o agendamento com o m\u00ednimo de 24 horas de anteced\u00eancia. Para qualquer tipo de atendimento, seja ele consulta, exame ou interna\u00e7\u00e3o, \u00e9 necess\u00e1ria a apresenta\u00e7\u00e3o do cart\u00e3o de identifica\u00e7\u00e3o do seu plano de sa\u00fade e do documento de identidade.<\/p>\n\n\n\n<p><strong>Exames<\/strong><br>Exames autogerados: s\u00e3o exames solicitados e realizados pelo m\u00e9dico que realizou a consulta. Para realiza\u00e7\u00e3o de exames, entre em contato com o prestador de servi\u00e7os descrito em seu Guia M\u00e9dico ou procure pelo servi\u00e7o de atendimento ao cliente da S\u00e3o Domingos Sa\u00fade para as devidas orienta\u00e7\u00f5es.<\/p>\n\n\n\n<p><strong>Guarde seus exames antigos: eles valem muito.<\/strong><br>Fazer exames exige tempo e \u00e9 um pouco desconfort\u00e1vel. E, se o seu plano tem coparticipa\u00e7\u00e3o, uma parte do custo \u00e9 cobrada de voc\u00ea. Por isso, seus exames s\u00e3o valiosos. Guarde todos e leve para o seu m\u00e9dico na pr\u00f3xima consulta. Ele vai avaliar se voc\u00ea precisa de novos exames. \u00c0s vezes, os que voc\u00ea j\u00e1 fez s\u00e3o suficientes.<\/p>\n\n\n\n<p><strong>Interna\u00e7\u00f5es<\/strong><br>Procure um Hospital em seu Guia M\u00e9dico. Para interna\u00e7\u00f5es de urg\u00eancia e emerg\u00eancia, o atendimento \u00e9 prestado mediante a apresenta\u00e7\u00e3o do cart\u00e3o de identifica\u00e7\u00e3o S\u00e3o Domingos Sa\u00fade e do documento de identidade.<\/p>\n\n\n\n<p><strong>Inclus\u00e3o de novos dependentes e transfer\u00eancia de planos<\/strong><br>Para inclus\u00e3o de filhos, esposo(a) ou companheiro(a), o titular deve comparecer \u00e0 operadora ou a sua Empresa, munido de certid\u00e3o de nascimento ou casamento, o mais breve poss\u00edvel. A inclus\u00e3o ap\u00f3s 30 (trinta) dias do nascimento determinar\u00e1 o cumprimento integral dos prazos de car\u00eancia para os inclu\u00eddos.<\/p>\n\n\n\n<p><strong>Procure um pronto-socorro apenas se necess\u00e1rio<\/strong><br>Os prontos-socorros dos hospitais precisam estar sempre livres para os casos de urg\u00eancia e emerg\u00eancia. Se voc\u00ea tiver algum sintoma que possa esperar, procure o seu m\u00e9dico de confian\u00e7a. Ele tem o seu hist\u00f3rico e poder\u00e1 lhe atender de acordo com a sua necessidade. E voc\u00ea estar\u00e1 ajudando algu\u00e9m que realmente precisa de um pronto-socorro.<\/p>\n\n\n\n<p><strong>Cart\u00e3o Magn\u00e9tico<\/strong><br>Ele \u00e9 seu documento de identifica\u00e7\u00e3o para ter acesso a rede credenciada da operadora S\u00e3o Domingos Sa\u00fade. Guarde-o com seguran\u00e7a e n\u00e3o empreste a ningu\u00e9m, pois ele \u00e9 intransfer\u00edvel. O uso indevido do cart\u00e3o poder\u00e1 promover o cancelamento do plano de sa\u00fade conforme descrito em contrato.<\/p>\n\n\n\n<p><strong>Recomenda\u00e7\u00f5es:<\/strong><br>Cuide do seu cart\u00e3o que ele cuida de voc\u00ea.<br>O seu cart\u00e3o magn\u00e9tico S\u00e3o Domingos Sa\u00fade \u00e9 uma garantia de que voc\u00ea est\u00e1 sempre bem protegido.<br>Proteja-o : evite sujar, riscar a tarja magn\u00e9tica, expor ao sol, molhar ou colocar o cart\u00e3o em contato com aparelhos el\u00e9tricos.<br>Se perder o cart\u00e3o ou ele for roubado, avise a operadora para que todas as provid\u00eancias sejam tomadas.<\/p>\n","protected":false},"excerpt":{"rendered":"<p>Consulta M\u00e9dicaEscolha o m\u00e9dico de sua prefer\u00eancia em seu Guia M\u00e9dico e agende um hor\u00e1rio. Caso n\u00e3o possa comparecer na consulta, desmarque o agendamento com [&hellip;]<\/p>\n","protected":false},"author":1,"featured_media":0,"parent":126,"menu_order":0,"comment_status":"closed","ping_status":"closed","template":"general-template-guia.php","meta":{"footnotes":""},"class_list":["post-128","page","type-page","status-publish","hentry"],"yoast_head":"<!-- This site is optimized with the Yoast SEO plugin v27.1.1 - https:\/\/yoast.com\/product\/yoast-seo-wordpress\/ -->\n<title>Orienta\u00e7\u00f5es e boas pr\u00e1ticas na utiliza\u00e7\u00e3o do seu plano - S\u00e3o Domingos Sa\u00fade<\/title>\n<meta name=\"robots\" content=\"index, follow, max-snippet:-1, max-image-preview:large, max-video-preview:-1\" \/>\n<link rel=\"canonical\" href=\"https:\/\/www.saodomingossaude.com.br\/site\/guia-medico\/orientacoes-e-boas-praticas-na-utilizacao-do-seu-plano\/\" \/>\n<meta property=\"og:locale\" content=\"pt_BR\" \/>\n<meta property=\"og:type\" content=\"article\" \/>\n<meta property=\"og:title\" content=\"Orienta\u00e7\u00f5es e boas pr\u00e1ticas na utiliza\u00e7\u00e3o do seu plano - S\u00e3o Domingos Sa\u00fade\" \/>\n<meta property=\"og:description\" content=\"Consulta M\u00e9dicaEscolha o m\u00e9dico de sua prefer\u00eancia em seu Guia M\u00e9dico e agende um hor\u00e1rio. Caso n\u00e3o possa comparecer na consulta, desmarque o agendamento com [&hellip;]\" \/>\n<meta property=\"og:url\" content=\"https:\/\/www.saodomingossaude.com.br\/site\/guia-medico\/orientacoes-e-boas-praticas-na-utilizacao-do-seu-plano\/\" \/>\n<meta property=\"og:site_name\" content=\"S\u00e3o Domingos Sa\u00fade\" \/>\n<meta property=\"article:modified_time\" content=\"2022-09-28T19:24:04+00:00\" \/>\n<meta name=\"twitter:card\" content=\"summary_large_image\" \/>\n<meta name=\"twitter:label1\" content=\"Est. tempo de leitura\" \/>\n\t<meta name=\"twitter:data1\" content=\"3 minutos\" \/>\n<script type=\"application\/ld+json\" class=\"yoast-schema-graph\">{\"@context\":\"https:\/\/schema.org\",\"@graph\":[{\"@type\":\"WebPage\",\"@id\":\"https:\/\/www.saodomingossaude.com.br\/site\/guia-medico\/orientacoes-e-boas-praticas-na-utilizacao-do-seu-plano\/\",\"url\":\"https:\/\/www.saodomingossaude.com.br\/site\/guia-medico\/orientacoes-e-boas-praticas-na-utilizacao-do-seu-plano\/\",\"name\":\"Orienta\u00e7\u00f5es e boas pr\u00e1ticas na utiliza\u00e7\u00e3o do seu plano - S\u00e3o Domingos Sa\u00fade\",\"isPartOf\":{\"@id\":\"https:\/\/www.saodomingossaude.com.br\/site\/#website\"},\"datePublished\":\"2022-09-21T20:22:29+00:00\",\"dateModified\":\"2022-09-28T19:24:04+00:00\",\"breadcrumb\":{\"@id\":\"https:\/\/www.saodomingossaude.com.br\/site\/guia-medico\/orientacoes-e-boas-praticas-na-utilizacao-do-seu-plano\/#breadcrumb\"},\"inLanguage\":\"pt-BR\",\"potentialAction\":[{\"@type\":\"ReadAction\",\"target\":[\"https:\/\/www.saodomingossaude.com.br\/site\/guia-medico\/orientacoes-e-boas-praticas-na-utilizacao-do-seu-plano\/\"]}]},{\"@type\":\"BreadcrumbList\",\"@id\":\"https:\/\/www.saodomingossaude.com.br\/site\/guia-medico\/orientacoes-e-boas-praticas-na-utilizacao-do-seu-plano\/#breadcrumb\",\"itemListElement\":[{\"@type\":\"ListItem\",\"position\":1,\"name\":\"In\u00edcio\",\"item\":\"https:\/\/www.saodomingossaude.com.br\/site\/\"},{\"@type\":\"ListItem\",\"position\":2,\"name\":\"Guia M\u00e9dico\",\"item\":\"https:\/\/www.saodomingossaude.com.br\/site\/guia-medico\/\"},{\"@type\":\"ListItem\",\"position\":3,\"name\":\"Orienta\u00e7\u00f5es e boas pr\u00e1ticas na utiliza\u00e7\u00e3o do seu plano\"}]},{\"@type\":\"WebSite\",\"@id\":\"https:\/\/www.saodomingossaude.com.br\/site\/#website\",\"url\":\"https:\/\/www.saodomingossaude.com.br\/site\/\",\"name\":\"S\u00e3o Domingos Sa\u00fade\",\"description\":\"S\u00e3o Domingos Sa\u00fade - Catanduva\/SP\",\"potentialAction\":[{\"@type\":\"SearchAction\",\"target\":{\"@type\":\"EntryPoint\",\"urlTemplate\":\"https:\/\/www.saodomingossaude.com.br\/site\/?s={search_term_string}\"},\"query-input\":{\"@type\":\"PropertyValueSpecification\",\"valueRequired\":true,\"valueName\":\"search_term_string\"}}],\"inLanguage\":\"pt-BR\"}]}<\/script>\n<!-- \/ Yoast SEO plugin. -->","yoast_head_json":{"title":"Orienta\u00e7\u00f5es e boas pr\u00e1ticas na utiliza\u00e7\u00e3o do seu plano - S\u00e3o Domingos Sa\u00fade","robots":{"index":"index","follow":"follow","max-snippet":"max-snippet:-1","max-image-preview":"max-image-preview:large","max-video-preview":"max-video-preview:-1"},"canonical":"https:\/\/www.saodomingossaude.com.br\/site\/guia-medico\/orientacoes-e-boas-praticas-na-utilizacao-do-seu-plano\/","og_locale":"pt_BR","og_type":"article","og_title":"Orienta\u00e7\u00f5es e boas pr\u00e1ticas na utiliza\u00e7\u00e3o do seu plano - S\u00e3o Domingos Sa\u00fade","og_description":"Consulta M\u00e9dicaEscolha o m\u00e9dico de sua prefer\u00eancia em seu Guia M\u00e9dico e agende um hor\u00e1rio. Caso n\u00e3o possa comparecer na consulta, desmarque o agendamento com [&hellip;]","og_url":"https:\/\/www.saodomingossaude.com.br\/site\/guia-medico\/orientacoes-e-boas-praticas-na-utilizacao-do-seu-plano\/","og_site_name":"S\u00e3o Domingos Sa\u00fade","article_modified_time":"2022-09-28T19:24:04+00:00","twitter_card":"summary_large_image","twitter_misc":{"Est. tempo de leitura":"3 minutos"},"schema":{"@context":"https:\/\/schema.org","@graph":[{"@type":"WebPage","@id":"https:\/\/www.saodomingossaude.com.br\/site\/guia-medico\/orientacoes-e-boas-praticas-na-utilizacao-do-seu-plano\/","url":"https:\/\/www.saodomingossaude.com.br\/site\/guia-medico\/orientacoes-e-boas-praticas-na-utilizacao-do-seu-plano\/","name":"Orienta\u00e7\u00f5es e boas pr\u00e1ticas na utiliza\u00e7\u00e3o do seu plano - S\u00e3o Domingos Sa\u00fade","isPartOf":{"@id":"https:\/\/www.saodomingossaude.com.br\/site\/#website"},"datePublished":"2022-09-21T20:22:29+00:00","dateModified":"2022-09-28T19:24:04+00:00","breadcrumb":{"@id":"https:\/\/www.saodomingossaude.com.br\/site\/guia-medico\/orientacoes-e-boas-praticas-na-utilizacao-do-seu-plano\/#breadcrumb"},"inLanguage":"pt-BR","potentialAction":[{"@type":"ReadAction","target":["https:\/\/www.saodomingossaude.com.br\/site\/guia-medico\/orientacoes-e-boas-praticas-na-utilizacao-do-seu-plano\/"]}]},{"@type":"BreadcrumbList","@id":"https:\/\/www.saodomingossaude.com.br\/site\/guia-medico\/orientacoes-e-boas-praticas-na-utilizacao-do-seu-plano\/#breadcrumb","itemListElement":[{"@type":"ListItem","position":1,"name":"In\u00edcio","item":"https:\/\/www.saodomingossaude.com.br\/site\/"},{"@type":"ListItem","position":2,"name":"Guia M\u00e9dico","item":"https:\/\/www.saodomingossaude.com.br\/site\/guia-medico\/"},{"@type":"ListItem","position":3,"name":"Orienta\u00e7\u00f5es e boas pr\u00e1ticas na utiliza\u00e7\u00e3o do seu plano"}]},{"@type":"WebSite","@id":"https:\/\/www.saodomingossaude.com.br\/site\/#website","url":"https:\/\/www.saodomingossaude.com.br\/site\/","name":"S\u00e3o Domingos Sa\u00fade","description":"S\u00e3o Domingos Sa\u00fade - Catanduva\/SP","potentialAction":[{"@type":"SearchAction","target":{"@type":"EntryPoint","urlTemplate":"https:\/\/www.saodomingossaude.com.br\/site\/?s={search_term_string}"},"query-input":{"@type":"PropertyValueSpecification","valueRequired":true,"valueName":"search_term_string"}}],"inLanguage":"pt-BR"}]}},"_links":{"self":[{"href":"https:\/\/www.saodomingossaude.com.br\/site\/wp-json\/wp\/v2\/pages\/128","targetHints":{"allow":["GET"]}}],"collection":[{"href":"https:\/\/www.saodomingossaude.com.br\/site\/wp-json\/wp\/v2\/pages"}],"about":[{"href":"https:\/\/www.saodomingossaude.com.br\/site\/wp-json\/wp\/v2\/types\/page"}],"author":[{"embeddable":true,"href":"https:\/\/www.saodomingossaude.com.br\/site\/wp-json\/wp\/v2\/users\/1"}],"replies":[{"embeddable":true,"href":"https:\/\/www.saodomingossaude.com.br\/site\/wp-json\/wp\/v2\/comments?post=128"}],"version-history":[{"count":2,"href":"https:\/\/www.saodomingossaude.com.br\/site\/wp-json\/wp\/v2\/pages\/128\/revisions"}],"predecessor-version":[{"id":130,"href":"https:\/\/www.saodomingossaude.com.br\/site\/wp-json\/wp\/v2\/pages\/128\/revisions\/130"}],"up":[{"embeddable":true,"href":"https:\/\/www.saodomingossaude.com.br\/site\/wp-json\/wp\/v2\/pages\/126"}],"wp:attachment":[{"href":"https:\/\/www.saodomingossaude.com.br\/site\/wp-json\/wp\/v2\/media?parent=128"}],"curies":[{"name":"wp","href":"https:\/\/api.w.org\/{rel}","templated":true}]}}