{"id":131,"date":"2022-09-21T17:28:00","date_gmt":"2022-09-21T20:28:00","guid":{"rendered":"https:\/\/bcs.net.br\/saodomingos\/?page_id=131"},"modified":"2022-09-28T16:24:09","modified_gmt":"2022-09-28T19:24:09","slug":"servicos-ao-cliente","status":"publish","type":"page","link":"https:\/\/www.saodomingossaude.com.br\/site\/guia-medico\/servicos-ao-cliente\/","title":{"rendered":"Servi\u00e7os ao cliente"},"content":{"rendered":"\n<p><strong>Relacionamento com Cliente<\/strong><br>Este \u00e9 o canal direto de comunica\u00e7\u00e3o entre o benefici\u00e1rio e a operadora, departamento em que suas demandas podem ser resolvidas de forma \u00e1gil e eficiente.<br>T.: (17) 3531-7777<br>Rua Treze de Maio, 1.437<\/p>\n\n\n\n<p><strong>Ouvidoria<\/strong><br>Caso precise de aux\u00edlio mesmo ap\u00f3s o atendimento do Relacionamento com o Cliente, procure pela nossa Ouvidoria.<br>T.: (17) 3531-7779<br>Rua Treze de Maio, 1.437<\/p>\n\n\n\n<p><strong>Auditoria M\u00e9dica<\/strong><br>Hor\u00e1rio de Atendimento (sujeito a altera\u00e7\u00f5es):<br>De segunda a quinta-feira, das 7h30 \u00e0s 18h.<br>\u00c0s sextas-feiras, das 7h30 \u00e0s 17h30.<br>T.: (17) 3531-7777<br>Rua Rio Preto, 438<\/p>\n\n\n\n<p><strong>Atendimento Lar<\/strong><br>Servi\u00e7o com foco na desospitaliza\u00e7\u00e3o, priorizando o atendimento em casa, no aconchego do lar e pr\u00f3ximo a familiares e amigos. Atendimento a todas as idades.<br>T.: (17) 3531-3138<br>Rua Sergipe, 583<\/p>\n\n\n\n<p><strong>Cl\u00ednica de Vacinas<\/strong><br>Calend\u00e1rio completo de vacinas, seguindo crit\u00e9rios da Sociedade Brasileira de Imuniza\u00e7\u00e3o (SBIm). Qualidade e confian\u00e7a e a melhor estrutura para o atendimento.<br>T.: (17) 3531-3141<br>Rua Sergipe, 583<\/p>\n\n\n\n<p><strong>Medicina Preventiva<\/strong><br>Conhe\u00e7a a Medicina Preventiva. O departamento oferece atendimento com equipe multidisciplinar e grupos terap\u00eauticos com foco para a promo\u00e7\u00e3o da sa\u00fade, bem-estar e qualidade de vida.<br>T.: (17) 3531-3140<br>Rua Treze de Maio, 1.360<\/p>\n","protected":false},"excerpt":{"rendered":"<p>Relacionamento com ClienteEste \u00e9 o canal direto de comunica\u00e7\u00e3o entre o benefici\u00e1rio e a operadora, departamento em que suas demandas podem ser resolvidas de forma [&hellip;]<\/p>\n","protected":false},"author":1,"featured_media":0,"parent":126,"menu_order":0,"comment_status":"closed","ping_status":"closed","template":"general-template-guia.php","meta":{"footnotes":""},"class_list":["post-131","page","type-page","status-publish","hentry"],"yoast_head":"<!-- This site is optimized with the Yoast SEO plugin v27.1.1 - https:\/\/yoast.com\/product\/yoast-seo-wordpress\/ -->\n<title>Servi\u00e7os ao cliente - S\u00e3o Domingos Sa\u00fade<\/title>\n<meta name=\"robots\" content=\"index, follow, max-snippet:-1, max-image-preview:large, max-video-preview:-1\" \/>\n<link rel=\"canonical\" href=\"https:\/\/www.saodomingossaude.com.br\/site\/guia-medico\/servicos-ao-cliente\/\" \/>\n<meta property=\"og:locale\" content=\"pt_BR\" \/>\n<meta property=\"og:type\" content=\"article\" \/>\n<meta property=\"og:title\" content=\"Servi\u00e7os ao cliente - S\u00e3o Domingos Sa\u00fade\" \/>\n<meta property=\"og:description\" content=\"Relacionamento com ClienteEste \u00e9 o canal direto de comunica\u00e7\u00e3o entre o benefici\u00e1rio e a operadora, departamento em que suas demandas podem ser resolvidas de forma [&hellip;]\" \/>\n<meta property=\"og:url\" content=\"https:\/\/www.saodomingossaude.com.br\/site\/guia-medico\/servicos-ao-cliente\/\" \/>\n<meta property=\"og:site_name\" content=\"S\u00e3o Domingos Sa\u00fade\" \/>\n<meta property=\"article:modified_time\" content=\"2022-09-28T19:24:09+00:00\" \/>\n<meta name=\"twitter:card\" content=\"summary_large_image\" \/>\n<meta name=\"twitter:label1\" content=\"Est. tempo de leitura\" \/>\n\t<meta name=\"twitter:data1\" content=\"2 minutos\" \/>\n<script type=\"application\/ld+json\" class=\"yoast-schema-graph\">{\"@context\":\"https:\/\/schema.org\",\"@graph\":[{\"@type\":\"WebPage\",\"@id\":\"https:\/\/www.saodomingossaude.com.br\/site\/guia-medico\/servicos-ao-cliente\/\",\"url\":\"https:\/\/www.saodomingossaude.com.br\/site\/guia-medico\/servicos-ao-cliente\/\",\"name\":\"Servi\u00e7os ao cliente - S\u00e3o Domingos Sa\u00fade\",\"isPartOf\":{\"@id\":\"https:\/\/www.saodomingossaude.com.br\/site\/#website\"},\"datePublished\":\"2022-09-21T20:28:00+00:00\",\"dateModified\":\"2022-09-28T19:24:09+00:00\",\"breadcrumb\":{\"@id\":\"https:\/\/www.saodomingossaude.com.br\/site\/guia-medico\/servicos-ao-cliente\/#breadcrumb\"},\"inLanguage\":\"pt-BR\",\"potentialAction\":[{\"@type\":\"ReadAction\",\"target\":[\"https:\/\/www.saodomingossaude.com.br\/site\/guia-medico\/servicos-ao-cliente\/\"]}]},{\"@type\":\"BreadcrumbList\",\"@id\":\"https:\/\/www.saodomingossaude.com.br\/site\/guia-medico\/servicos-ao-cliente\/#breadcrumb\",\"itemListElement\":[{\"@type\":\"ListItem\",\"position\":1,\"name\":\"In\u00edcio\",\"item\":\"https:\/\/www.saodomingossaude.com.br\/site\/\"},{\"@type\":\"ListItem\",\"position\":2,\"name\":\"Guia M\u00e9dico\",\"item\":\"https:\/\/www.saodomingossaude.com.br\/site\/guia-medico\/\"},{\"@type\":\"ListItem\",\"position\":3,\"name\":\"Servi\u00e7os ao cliente\"}]},{\"@type\":\"WebSite\",\"@id\":\"https:\/\/www.saodomingossaude.com.br\/site\/#website\",\"url\":\"https:\/\/www.saodomingossaude.com.br\/site\/\",\"name\":\"S\u00e3o Domingos Sa\u00fade\",\"description\":\"S\u00e3o Domingos Sa\u00fade - Catanduva\/SP\",\"potentialAction\":[{\"@type\":\"SearchAction\",\"target\":{\"@type\":\"EntryPoint\",\"urlTemplate\":\"https:\/\/www.saodomingossaude.com.br\/site\/?s={search_term_string}\"},\"query-input\":{\"@type\":\"PropertyValueSpecification\",\"valueRequired\":true,\"valueName\":\"search_term_string\"}}],\"inLanguage\":\"pt-BR\"}]}<\/script>\n<!-- \/ Yoast SEO plugin. -->","yoast_head_json":{"title":"Servi\u00e7os ao cliente - S\u00e3o Domingos Sa\u00fade","robots":{"index":"index","follow":"follow","max-snippet":"max-snippet:-1","max-image-preview":"max-image-preview:large","max-video-preview":"max-video-preview:-1"},"canonical":"https:\/\/www.saodomingossaude.com.br\/site\/guia-medico\/servicos-ao-cliente\/","og_locale":"pt_BR","og_type":"article","og_title":"Servi\u00e7os ao cliente - S\u00e3o Domingos Sa\u00fade","og_description":"Relacionamento com ClienteEste \u00e9 o canal direto de comunica\u00e7\u00e3o entre o benefici\u00e1rio e a operadora, departamento em que suas demandas podem ser resolvidas de forma [&hellip;]","og_url":"https:\/\/www.saodomingossaude.com.br\/site\/guia-medico\/servicos-ao-cliente\/","og_site_name":"S\u00e3o Domingos Sa\u00fade","article_modified_time":"2022-09-28T19:24:09+00:00","twitter_card":"summary_large_image","twitter_misc":{"Est. tempo de leitura":"2 minutos"},"schema":{"@context":"https:\/\/schema.org","@graph":[{"@type":"WebPage","@id":"https:\/\/www.saodomingossaude.com.br\/site\/guia-medico\/servicos-ao-cliente\/","url":"https:\/\/www.saodomingossaude.com.br\/site\/guia-medico\/servicos-ao-cliente\/","name":"Servi\u00e7os ao cliente - S\u00e3o Domingos Sa\u00fade","isPartOf":{"@id":"https:\/\/www.saodomingossaude.com.br\/site\/#website"},"datePublished":"2022-09-21T20:28:00+00:00","dateModified":"2022-09-28T19:24:09+00:00","breadcrumb":{"@id":"https:\/\/www.saodomingossaude.com.br\/site\/guia-medico\/servicos-ao-cliente\/#breadcrumb"},"inLanguage":"pt-BR","potentialAction":[{"@type":"ReadAction","target":["https:\/\/www.saodomingossaude.com.br\/site\/guia-medico\/servicos-ao-cliente\/"]}]},{"@type":"BreadcrumbList","@id":"https:\/\/www.saodomingossaude.com.br\/site\/guia-medico\/servicos-ao-cliente\/#breadcrumb","itemListElement":[{"@type":"ListItem","position":1,"name":"In\u00edcio","item":"https:\/\/www.saodomingossaude.com.br\/site\/"},{"@type":"ListItem","position":2,"name":"Guia M\u00e9dico","item":"https:\/\/www.saodomingossaude.com.br\/site\/guia-medico\/"},{"@type":"ListItem","position":3,"name":"Servi\u00e7os ao cliente"}]},{"@type":"WebSite","@id":"https:\/\/www.saodomingossaude.com.br\/site\/#website","url":"https:\/\/www.saodomingossaude.com.br\/site\/","name":"S\u00e3o Domingos Sa\u00fade","description":"S\u00e3o Domingos Sa\u00fade - Catanduva\/SP","potentialAction":[{"@type":"SearchAction","target":{"@type":"EntryPoint","urlTemplate":"https:\/\/www.saodomingossaude.com.br\/site\/?s={search_term_string}"},"query-input":{"@type":"PropertyValueSpecification","valueRequired":true,"valueName":"search_term_string"}}],"inLanguage":"pt-BR"}]}},"_links":{"self":[{"href":"https:\/\/www.saodomingossaude.com.br\/site\/wp-json\/wp\/v2\/pages\/131","targetHints":{"allow":["GET"]}}],"collection":[{"href":"https:\/\/www.saodomingossaude.com.br\/site\/wp-json\/wp\/v2\/pages"}],"about":[{"href":"https:\/\/www.saodomingossaude.com.br\/site\/wp-json\/wp\/v2\/types\/page"}],"author":[{"embeddable":true,"href":"https:\/\/www.saodomingossaude.com.br\/site\/wp-json\/wp\/v2\/users\/1"}],"replies":[{"embeddable":true,"href":"https:\/\/www.saodomingossaude.com.br\/site\/wp-json\/wp\/v2\/comments?post=131"}],"version-history":[{"count":1,"href":"https:\/\/www.saodomingossaude.com.br\/site\/wp-json\/wp\/v2\/pages\/131\/revisions"}],"predecessor-version":[{"id":132,"href":"https:\/\/www.saodomingossaude.com.br\/site\/wp-json\/wp\/v2\/pages\/131\/revisions\/132"}],"up":[{"embeddable":true,"href":"https:\/\/www.saodomingossaude.com.br\/site\/wp-json\/wp\/v2\/pages\/126"}],"wp:attachment":[{"href":"https:\/\/www.saodomingossaude.com.br\/site\/wp-json\/wp\/v2\/media?parent=131"}],"curies":[{"name":"wp","href":"https:\/\/api.w.org\/{rel}","templated":true}]}}