{"id":133,"date":"2022-09-21T17:33:40","date_gmt":"2022-09-21T20:33:40","guid":{"rendered":"https:\/\/bcs.net.br\/saodomingos\/?page_id=133"},"modified":"2023-01-27T09:55:11","modified_gmt":"2023-01-27T12:55:11","slug":"hospital-unimed-sao-domingos-husd","status":"publish","type":"page","link":"https:\/\/www.saodomingossaude.com.br\/site\/guia-medico\/hospital-unimed-sao-domingos-husd\/","title":{"rendered":"Hospital Unimed S\u00e3o Domingos (HUSD)"},"content":{"rendered":"\n<p>O Hospital Unimed S\u00e3o Domingos \u00e9 uma das unidades que faz parte da rede prestadora de servi\u00e7os do S\u00e3o Domingos Sa\u00fade.<\/p>\n\n\n\n<p>Para melhor experi\u00eancia em seu atendimento, se atente as informa\u00e7\u00f5es da unidade hospitalar, seguindo as diretrizes definidas pelo seu plano de sa\u00fade.<\/p>\n\n\n\n<p><strong>Documentos Necess\u00e1rios<\/strong><br>RG ou Carteira Nacional de Habilita\u00e7\u00e3o (CNH)<br>Cart\u00e3o Conv\u00eanio<br>Cart\u00e3o do SUS<\/p>\n\n\n\n<p><strong>Menores de 18 anos<\/strong><br>RG e\/ou Certid\u00e3o de Nascimento, RG do respons\u00e1vel, Cart\u00e3o Conv\u00eanio e Cart\u00e3o SUS<\/p>\n\n\n\n<p><strong>Idosos acima de 60 anos<\/strong><br>RG do respons\u00e1vel, Cart\u00e3o Conv\u00eanio e Cart\u00e3o SUS<br>Nos casos de interna\u00e7\u00e3o para cirurgia, lembre-se de trazer os exames de diagn\u00f3stico referentes ao procedimento. Gestante, tenha em m\u00e3os o cart\u00e3o de pr\u00e9-natal.<\/p>\n\n\n\n<p><strong>Pronto Atendimento<\/strong><br>\u2022 Triagem: o tempo de espera para o atendimento \u00e9 determinado de acordo com a gravidade, por classifica\u00e7\u00e3o, conforme<br>protocolo HumanizaSUS.<br>\u2022 \u00c9 permitida a entrada de apenas um acompanhante por paciente para consulta\/procedimento.<br>\u2022 A assinatura dos termos \u00e9 obrigat\u00f3ria.<\/p>\n\n\n\n<p><strong>Atendimento Religioso<\/strong><br>Em car\u00e1ter individual, manifestado por meio do desejo da fam\u00edlia.<\/p>\n\n\n\n<p><strong>Acomoda\u00e7\u00f5es<\/strong><br>Apartamento individual: quarto privativo com acomoda\u00e7\u00e3o para um acompanhante.<br>Enfermaria: quarto com dois leitos, sem permiss\u00e3o para acompanhante (exceto para menores de 18 anos, maiores de 60<br>anos, pacientes com necessidades especiais e gestantes no per\u00edodo do parto).<\/p>\n\n\n\n<p><strong>Autoriza\u00e7\u00e3o para Acompanhantes<\/strong><br>Para idosos acima de 60 anos<br>Para menores de 18 anos<br>Pessoas com necessidades especiais<br>Gestantes no per\u00edodo pr\u00e9-parto, parto e p\u00f3s parto, conforme legisla\u00e7\u00e3o vigente Em casos especiais, o  USD se reserva no direito de autorizar acompanhantes conforme an\u00e1lise da Equipe Multidisciplinar e Administra\u00e7\u00e3o.<br>O acompanhante deve ser maior de 18 anos e, preferencialmente, do mesmo sexo. Deve ter condi\u00e7\u00f5es f\u00edsicas, ps\u00edquicas e emocionais para auxiliar o paciente durante o per\u00edodo no hospital. \u00c9 proibida a sua circula\u00e7\u00e3o pelos corredores, entrar em outros quartos, inclusive com alimentos, utilizar a cama ao lado (no caso da acomoda\u00e7\u00e3o de Enfermaria), deixar a TV com volume alto e causar desconforto aos demais pacientes. Deve sempre atender \u00e0s solicita\u00e7\u00f5es da Assist\u00eancia Social e se ausentar do quarto durante a realiza\u00e7\u00e3o de procedimentos.<\/p>\n\n\n\n<p><strong>Troca de Acompanhantes: das 7h \u00e0s 22h<\/strong><br>Alimenta\u00e7\u00e3o para acompanhantes:<br>Conforme crit\u00e9rio de avalia\u00e7\u00e3o do conv\u00eanio ou de forma particular.<\/p>\n\n\n\n<p><strong>Pertences<\/strong><br>\u00c9 responsabilidade do cliente\/paciente a guarda de seus pertences; o hospital n\u00e3o se responsabiliza por evas\u00f5es.<\/p>\n\n\n\n<p><strong>Visitas<\/strong><br>Visitantes devem apresentar RG ou Carteira Nacional de Habilita\u00e7\u00e3o (CNH)<br>N\u00e3o \u00e9 permitida a entrada de pessoas vestindo shorts, bermudas e chinelos ou usando capacete<\/p>\n\n\n\n<p><strong>Hor\u00e1rios<\/strong><br>UTI Adulto: das 11h30 \u00e0s 12h e das 17h \u00e0s 17h30 (um visitante por hor\u00e1rio, sem troca)<br>UTI Infantil: das 10h \u00e0s 11h e das 15h \u00e0s 16h (dois visitantes por hor\u00e1rio, sem troca)<br>N\u00e3o \u00e9 permitido o uso de celular na UTI<br>Acomoda\u00e7\u00e3o Coletiva (Enfermaria): das 14h \u00e0s 15h e das 19h30 \u00e0s 20h30*<br>Acomoda\u00e7\u00e3o Individual (Apartamento): das 7h \u00e0s 22h*<br>Acomoda\u00e7\u00e3o Particular: das 7h \u00e0s 22h*<\/p>\n\n\n\n<ul class=\"wp-block-list\">\n<li>dois visitantes por paciente, com revezamento<\/li>\n<\/ul>\n\n\n\n<p>N\u00e3o \u00e9 permitido fumar nas depend\u00eancias do hospital<\/p>\n\n\n\n<p><strong>Aten\u00e7\u00e3o! Cuidado com o trote.<\/strong><br>O HUSD n\u00e3o realiza, em hip\u00f3tese alguma, liga\u00e7\u00f5es para familiares de pacientes, internados ou n\u00e3o, para solicitar dinheiro ou dep\u00f3sitos banc\u00e1rios de qualquer esp\u00e9cie referentes a exames e outros procedimentos. Pagamentos desta natureza s\u00e3o tratados exclusivamente em pessoa. Caso voc\u00ea receba uma liga\u00e7\u00e3o suspeita, n\u00e3o informe seus dados, n\u00e3o efetue nenhum pagamento e entre em contato com a unidade hospitalar imediatamente, pelo telefone (17) 3531-5000.<\/p>\n\n\n\n<p><strong>Laborat\u00f3rio<\/strong><br>Atendimento dispon\u00edvel para pacientes externos<br>Das 7h \u00e0s 9h, aos domingos<br>Das 16h \u00e0s 20h, de segunda a sexta-feira (somente em casos de emerg\u00eancia)<\/p>\n\n\n\n<p><strong>Unidade de Coleta<\/strong><br>Coleta: segunda a sexta-feira, das 6 \u00e0s 16h (at\u00e9 \u00e0s 16h coleta de urg\u00eancia e exame do pezinho); aos s\u00e1bados, das 6 \u00e0s 10h<br>Retirada de exames: de segunda a sexta-feira, das 6h \u00e0s 17h; aos s\u00e1bados, das 6h \u00e0s 11h<br>Rua Treze de Maio, 1355<br>T.: (17) 3531-3125<\/p>\n\n\n\n<p><strong>Estacionamento Med Park<\/strong><br>Para comodidade do cliente, o estacionamento conta com atendimento 24 horas,<br>estrutura de monitoramento, seguro contra roubo\/furto e f\u00e1cil acesso ao hospital.<\/p>\n\n\n\n<p><strong>Farm\u00e1cia (Interno)<\/strong><br>Ramal 5021<\/p>\n\n\n\n<p><strong>Fotografia<\/strong><br>O uso de equipamentos de fotografia est\u00e1 autorizado apenas no per\u00edodo de nascimento do beb\u00ea.<\/p>\n\n\n\n<p><strong>Restaurante\/Cafeteria GRSA<\/strong><br>Hor\u00e1rio de atendimento: 7h30 \u00e0s 21h30<\/p>\n\n\n\n<p><strong>Ambul\u00e2ncia<\/strong><br>O Hospital Unimed disp\u00f5e de ambul\u00e2ncia estruturada (UTI M\u00f3vel ou B\u00e1sico) para transporte de paciente interhospitalar, conforme cobertura contratual. O servi\u00e7o tamb\u00e9m pode ser contratado na modalidade particular nos casos de alta do hospital para resid\u00eancia.<\/p>\n\n\n\n<p><strong>Tesouraria<\/strong><br>Hor\u00e1rio de atendimento: 8h \u00e0s 17h (de segunda a sexta-feira) e 8h \u00e0s 11h (aos s\u00e1bados)<\/p>\n","protected":false},"excerpt":{"rendered":"<p>O Hospital Unimed S\u00e3o Domingos \u00e9 uma das unidades que faz parte da rede prestadora de servi\u00e7os do S\u00e3o Domingos Sa\u00fade. Para melhor experi\u00eancia em [&hellip;]<\/p>\n","protected":false},"author":1,"featured_media":0,"parent":126,"menu_order":0,"comment_status":"closed","ping_status":"closed","template":"general-template-guia.php","meta":{"footnotes":""},"class_list":["post-133","page","type-page","status-publish","hentry"],"yoast_head":"<!-- This site is optimized with the Yoast SEO plugin v27.1.1 - https:\/\/yoast.com\/product\/yoast-seo-wordpress\/ -->\n<title>Hospital Unimed S\u00e3o Domingos (HUSD) - S\u00e3o Domingos Sa\u00fade<\/title>\n<meta name=\"robots\" content=\"index, follow, max-snippet:-1, max-image-preview:large, max-video-preview:-1\" \/>\n<link rel=\"canonical\" href=\"https:\/\/www.saodomingossaude.com.br\/site\/guia-medico\/hospital-unimed-sao-domingos-husd\/\" \/>\n<meta property=\"og:locale\" content=\"pt_BR\" \/>\n<meta property=\"og:type\" content=\"article\" \/>\n<meta property=\"og:title\" content=\"Hospital Unimed S\u00e3o Domingos (HUSD) - S\u00e3o Domingos Sa\u00fade\" \/>\n<meta property=\"og:description\" content=\"O Hospital Unimed S\u00e3o Domingos \u00e9 uma das unidades que faz parte da rede prestadora de servi\u00e7os do S\u00e3o Domingos Sa\u00fade. Para melhor experi\u00eancia em [&hellip;]\" \/>\n<meta property=\"og:url\" content=\"https:\/\/www.saodomingossaude.com.br\/site\/guia-medico\/hospital-unimed-sao-domingos-husd\/\" \/>\n<meta property=\"og:site_name\" content=\"S\u00e3o Domingos Sa\u00fade\" \/>\n<meta property=\"article:modified_time\" content=\"2023-01-27T12:55:11+00:00\" \/>\n<meta name=\"twitter:card\" content=\"summary_large_image\" \/>\n<meta name=\"twitter:label1\" content=\"Est. tempo de leitura\" \/>\n\t<meta name=\"twitter:data1\" content=\"5 minutos\" \/>\n<script type=\"application\/ld+json\" class=\"yoast-schema-graph\">{\"@context\":\"https:\/\/schema.org\",\"@graph\":[{\"@type\":\"WebPage\",\"@id\":\"https:\/\/www.saodomingossaude.com.br\/site\/guia-medico\/hospital-unimed-sao-domingos-husd\/\",\"url\":\"https:\/\/www.saodomingossaude.com.br\/site\/guia-medico\/hospital-unimed-sao-domingos-husd\/\",\"name\":\"Hospital Unimed S\u00e3o Domingos (HUSD) - S\u00e3o Domingos Sa\u00fade\",\"isPartOf\":{\"@id\":\"https:\/\/www.saodomingossaude.com.br\/site\/#website\"},\"datePublished\":\"2022-09-21T20:33:40+00:00\",\"dateModified\":\"2023-01-27T12:55:11+00:00\",\"breadcrumb\":{\"@id\":\"https:\/\/www.saodomingossaude.com.br\/site\/guia-medico\/hospital-unimed-sao-domingos-husd\/#breadcrumb\"},\"inLanguage\":\"pt-BR\",\"potentialAction\":[{\"@type\":\"ReadAction\",\"target\":[\"https:\/\/www.saodomingossaude.com.br\/site\/guia-medico\/hospital-unimed-sao-domingos-husd\/\"]}]},{\"@type\":\"BreadcrumbList\",\"@id\":\"https:\/\/www.saodomingossaude.com.br\/site\/guia-medico\/hospital-unimed-sao-domingos-husd\/#breadcrumb\",\"itemListElement\":[{\"@type\":\"ListItem\",\"position\":1,\"name\":\"In\u00edcio\",\"item\":\"https:\/\/www.saodomingossaude.com.br\/site\/\"},{\"@type\":\"ListItem\",\"position\":2,\"name\":\"Guia M\u00e9dico\",\"item\":\"https:\/\/www.saodomingossaude.com.br\/site\/guia-medico\/\"},{\"@type\":\"ListItem\",\"position\":3,\"name\":\"Hospital Unimed S\u00e3o Domingos (HUSD)\"}]},{\"@type\":\"WebSite\",\"@id\":\"https:\/\/www.saodomingossaude.com.br\/site\/#website\",\"url\":\"https:\/\/www.saodomingossaude.com.br\/site\/\",\"name\":\"S\u00e3o Domingos Sa\u00fade\",\"description\":\"S\u00e3o Domingos Sa\u00fade - Catanduva\/SP\",\"potentialAction\":[{\"@type\":\"SearchAction\",\"target\":{\"@type\":\"EntryPoint\",\"urlTemplate\":\"https:\/\/www.saodomingossaude.com.br\/site\/?s={search_term_string}\"},\"query-input\":{\"@type\":\"PropertyValueSpecification\",\"valueRequired\":true,\"valueName\":\"search_term_string\"}}],\"inLanguage\":\"pt-BR\"}]}<\/script>\n<!-- \/ Yoast SEO plugin. -->","yoast_head_json":{"title":"Hospital Unimed S\u00e3o Domingos (HUSD) - S\u00e3o Domingos Sa\u00fade","robots":{"index":"index","follow":"follow","max-snippet":"max-snippet:-1","max-image-preview":"max-image-preview:large","max-video-preview":"max-video-preview:-1"},"canonical":"https:\/\/www.saodomingossaude.com.br\/site\/guia-medico\/hospital-unimed-sao-domingos-husd\/","og_locale":"pt_BR","og_type":"article","og_title":"Hospital Unimed S\u00e3o Domingos (HUSD) - S\u00e3o Domingos Sa\u00fade","og_description":"O Hospital Unimed S\u00e3o Domingos \u00e9 uma das unidades que faz parte da rede prestadora de servi\u00e7os do S\u00e3o Domingos Sa\u00fade. Para melhor experi\u00eancia em [&hellip;]","og_url":"https:\/\/www.saodomingossaude.com.br\/site\/guia-medico\/hospital-unimed-sao-domingos-husd\/","og_site_name":"S\u00e3o Domingos Sa\u00fade","article_modified_time":"2023-01-27T12:55:11+00:00","twitter_card":"summary_large_image","twitter_misc":{"Est. tempo de leitura":"5 minutos"},"schema":{"@context":"https:\/\/schema.org","@graph":[{"@type":"WebPage","@id":"https:\/\/www.saodomingossaude.com.br\/site\/guia-medico\/hospital-unimed-sao-domingos-husd\/","url":"https:\/\/www.saodomingossaude.com.br\/site\/guia-medico\/hospital-unimed-sao-domingos-husd\/","name":"Hospital Unimed S\u00e3o Domingos (HUSD) - S\u00e3o Domingos Sa\u00fade","isPartOf":{"@id":"https:\/\/www.saodomingossaude.com.br\/site\/#website"},"datePublished":"2022-09-21T20:33:40+00:00","dateModified":"2023-01-27T12:55:11+00:00","breadcrumb":{"@id":"https:\/\/www.saodomingossaude.com.br\/site\/guia-medico\/hospital-unimed-sao-domingos-husd\/#breadcrumb"},"inLanguage":"pt-BR","potentialAction":[{"@type":"ReadAction","target":["https:\/\/www.saodomingossaude.com.br\/site\/guia-medico\/hospital-unimed-sao-domingos-husd\/"]}]},{"@type":"BreadcrumbList","@id":"https:\/\/www.saodomingossaude.com.br\/site\/guia-medico\/hospital-unimed-sao-domingos-husd\/#breadcrumb","itemListElement":[{"@type":"ListItem","position":1,"name":"In\u00edcio","item":"https:\/\/www.saodomingossaude.com.br\/site\/"},{"@type":"ListItem","position":2,"name":"Guia M\u00e9dico","item":"https:\/\/www.saodomingossaude.com.br\/site\/guia-medico\/"},{"@type":"ListItem","position":3,"name":"Hospital Unimed S\u00e3o Domingos (HUSD)"}]},{"@type":"WebSite","@id":"https:\/\/www.saodomingossaude.com.br\/site\/#website","url":"https:\/\/www.saodomingossaude.com.br\/site\/","name":"S\u00e3o Domingos Sa\u00fade","description":"S\u00e3o Domingos Sa\u00fade - Catanduva\/SP","potentialAction":[{"@type":"SearchAction","target":{"@type":"EntryPoint","urlTemplate":"https:\/\/www.saodomingossaude.com.br\/site\/?s={search_term_string}"},"query-input":{"@type":"PropertyValueSpecification","valueRequired":true,"valueName":"search_term_string"}}],"inLanguage":"pt-BR"}]}},"_links":{"self":[{"href":"https:\/\/www.saodomingossaude.com.br\/site\/wp-json\/wp\/v2\/pages\/133","targetHints":{"allow":["GET"]}}],"collection":[{"href":"https:\/\/www.saodomingossaude.com.br\/site\/wp-json\/wp\/v2\/pages"}],"about":[{"href":"https:\/\/www.saodomingossaude.com.br\/site\/wp-json\/wp\/v2\/types\/page"}],"author":[{"embeddable":true,"href":"https:\/\/www.saodomingossaude.com.br\/site\/wp-json\/wp\/v2\/users\/1"}],"replies":[{"embeddable":true,"href":"https:\/\/www.saodomingossaude.com.br\/site\/wp-json\/wp\/v2\/comments?post=133"}],"version-history":[{"count":2,"href":"https:\/\/www.saodomingossaude.com.br\/site\/wp-json\/wp\/v2\/pages\/133\/revisions"}],"predecessor-version":[{"id":182,"href":"https:\/\/www.saodomingossaude.com.br\/site\/wp-json\/wp\/v2\/pages\/133\/revisions\/182"}],"up":[{"embeddable":true,"href":"https:\/\/www.saodomingossaude.com.br\/site\/wp-json\/wp\/v2\/pages\/126"}],"wp:attachment":[{"href":"https:\/\/www.saodomingossaude.com.br\/site\/wp-json\/wp\/v2\/media?parent=133"}],"curies":[{"name":"wp","href":"https:\/\/api.w.org\/{rel}","templated":true}]}}